{"id":1390,"date":"2024-10-18T08:16:12","date_gmt":"2024-10-18T08:16:12","guid":{"rendered":"https:\/\/nlrmoz.org\/anlrm\/?page_id=1390"},"modified":"2026-02-11T11:27:04","modified_gmt":"2026-02-11T11:27:04","slug":"o-que-fazemos","status":"publish","type":"page","link":"https:\/\/nlrmoz.org\/index.php\/o-que-fazemos\/","title":{"rendered":"O que fazemos"},"content":{"rendered":"\t\t<div data-elementor-type=\"wp-page\" data-elementor-id=\"1390\" class=\"elementor elementor-1390\">\n\t\t\t\t<div class=\"elementor-element elementor-element-b952248 e-flex e-con-boxed e-con e-parent\" data-id=\"b952248\" data-element_type=\"container\" data-settings=\"{&quot;background_background&quot;:&quot;classic&quot;}\">\n\t\t\t\t\t<div class=\"e-con-inner\">\n\t\t\t\t\t<\/div>\n\t\t\t\t<\/div>\n\t\t<div class=\"elementor-element elementor-element-f3f65df e-flex e-con-boxed e-con e-parent\" data-id=\"f3f65df\" data-element_type=\"container\">\n\t\t\t\t\t<div class=\"e-con-inner\">\n\t\t\t\t<div class=\"elementor-element elementor-element-af37858 elementor-widget elementor-widget-heading\" data-id=\"af37858\" data-element_type=\"widget\" data-widget_type=\"heading.default\">\n\t\t\t\t<div class=\"elementor-widget-container\">\n\t\t\t<h2 class=\"elementor-heading-title elementor-size-default\">O que fazemos\n<\/h2>\t\t<\/div>\n\t\t\t\t<\/div>\n\t\t\t\t\t<\/div>\n\t\t\t\t<\/div>\n\t\t<div class=\"elementor-element elementor-element-d9d8e9a e-flex e-con-boxed e-con e-parent\" data-id=\"d9d8e9a\" data-element_type=\"container\">\n\t\t\t\t\t<div class=\"e-con-inner\">\n\t\t\t\t<div class=\"elementor-element elementor-element-6c4a314 elementor-widget elementor-widget-text-editor\" data-id=\"6c4a314\" data-element_type=\"widget\" data-widget_type=\"text-editor.default\">\n\t\t\t\t<div class=\"elementor-widget-container\">\n\t\t\t\t\t\t\t<ul><li>Fortalecer a capacidade do Minist\u00e9rio da Sa\u00fade \u2013 Programa Nacional de Controlo da Lepra (PNCL) para monitorar, documentar e prestar assist\u00eancia aos supervisores provinciais e distritais de lepra.<\/li><\/ul><div>\u00a0<\/div><div>\u00a0<span style=\"font-family: var( --e-global-typography-text-font-family ), Sans-serif; font-weight: var( --e-global-typography-text-font-weight ); text-align: var(--text-align);\">\u00a0<\/span><\/div><ul><li>Fortalecer a capacidade de supervisores provinciais e distritais de lepra para realizarem buscas activas, tratamento, seguimento de complica\u00e7\u00f5es de lepra, registo de contactos e documenta\u00e7\u00e3o.<\/li><\/ul><div>\u00a0<\/div><div>\u00a0<\/div><ul><li>Empoderar as comunidades atrav\u00e9s da cria\u00e7\u00e3o de Grupos Inclusivos de Autocuidado numa abordagem combinada:\u00a0 gest\u00e3o comunit\u00e1ria da morbidade, preven\u00e7\u00e3o da defici\u00eancia e inclus\u00e3o para as pessoas afectadas por Doen\u00e7as Tropicais Negligenciadas\u00a0 incapacitantes (aqui trabalhamos com Lepra, Filar\u00edase linf\u00e1tica e Konzo).<\/li><\/ul>\t\t\t\t\t\t<\/div>\n\t\t\t\t<\/div>\n\t\t\t\t\t<\/div>\n\t\t\t\t<\/div>\n\t\t<div class=\"elementor-element elementor-element-4bced01 e-flex e-con-boxed e-con e-parent\" data-id=\"4bced01\" data-element_type=\"container\">\n\t\t\t\t\t<div class=\"e-con-inner\">\n\t\t\t\t<div class=\"elementor-element elementor-element-3c7297e elementor-widget elementor-widget-image\" data-id=\"3c7297e\" data-element_type=\"widget\" data-widget_type=\"image.default\">\n\t\t\t\t<div class=\"elementor-widget-container\">\n\t\t\t\t\t\t\t\t\t\t\t\t\t<img fetchpriority=\"high\" decoding=\"async\" width=\"1280\" height=\"960\" src=\"https:\/\/nlrmoz.org\/wp-content\/uploads\/2023\/05\/m3.jpeg\" class=\"attachment-2048x2048 size-2048x2048 wp-image-1510\" alt=\"\" srcset=\"https:\/\/nlrmoz.org\/wp-content\/uploads\/2023\/05\/m3.jpeg 1280w, https:\/\/nlrmoz.org\/wp-content\/uploads\/2023\/05\/m3-300x225.jpeg 300w, https:\/\/nlrmoz.org\/wp-content\/uploads\/2023\/05\/m3-1024x768.jpeg 1024w, https:\/\/nlrmoz.org\/wp-content\/uploads\/2023\/05\/m3-768x576.jpeg 768w\" sizes=\"(max-width: 1280px) 100vw, 1280px\" \/>\t\t\t\t\t\t\t\t\t\t\t\t\t<\/div>\n\t\t\t\t<\/div>\n\t\t\t\t\t<\/div>\n\t\t\t\t<\/div>\n\t\t\t\t<\/div>\n\t\t","protected":false},"excerpt":{"rendered":"<p>O que fazemos Fortalecer a capacidade do Minist\u00e9rio da Sa\u00fade \u2013 Programa Nacional de Controlo da Lepra (PNCL) para monitorar, documentar e prestar assist\u00eancia aos supervisores provinciais e distritais de [&hellip;]<\/p>\n","protected":false},"author":1,"featured_media":1386,"parent":0,"menu_order":0,"comment_status":"closed","ping_status":"closed","template":"elementor_header_footer","meta":{"_monsterinsights_skip_tracking":false,"_monsterinsights_sitenote_active":false,"_monsterinsights_sitenote_note":"","_monsterinsights_sitenote_category":0,"footnotes":""},"class_list":["post-1390","page","type-page","status-publish","has-post-thumbnail","hentry"],"aioseo_notices":[],"_links":{"self":[{"href":"https:\/\/nlrmoz.org\/index.php\/wp-json\/wp\/v2\/pages\/1390","targetHints":{"allow":["GET"]}}],"collection":[{"href":"https:\/\/nlrmoz.org\/index.php\/wp-json\/wp\/v2\/pages"}],"about":[{"href":"https:\/\/nlrmoz.org\/index.php\/wp-json\/wp\/v2\/types\/page"}],"author":[{"embeddable":true,"href":"https:\/\/nlrmoz.org\/index.php\/wp-json\/wp\/v2\/users\/1"}],"replies":[{"embeddable":true,"href":"https:\/\/nlrmoz.org\/index.php\/wp-json\/wp\/v2\/comments?post=1390"}],"version-history":[{"count":34,"href":"https:\/\/nlrmoz.org\/index.php\/wp-json\/wp\/v2\/pages\/1390\/revisions"}],"predecessor-version":[{"id":2477,"href":"https:\/\/nlrmoz.org\/index.php\/wp-json\/wp\/v2\/pages\/1390\/revisions\/2477"}],"wp:featuredmedia":[{"embeddable":true,"href":"https:\/\/nlrmoz.org\/index.php\/wp-json\/wp\/v2\/media\/1386"}],"wp:attachment":[{"href":"https:\/\/nlrmoz.org\/index.php\/wp-json\/wp\/v2\/media?parent=1390"}],"curies":[{"name":"wp","href":"https:\/\/api.w.org\/{rel}","templated":true}]}}