{"id":1392,"date":"2024-10-18T08:16:42","date_gmt":"2024-10-18T08:16:42","guid":{"rendered":"https:\/\/nlrmoz.org\/anlrm\/?page_id=1392"},"modified":"2026-02-13T11:59:58","modified_gmt":"2026-02-13T11:59:58","slug":"o-que-e-lepra","status":"publish","type":"page","link":"https:\/\/nlrmoz.org\/index.php\/o-que-e-lepra\/","title":{"rendered":"O que \u00e9 Lepra?"},"content":{"rendered":"\t\t<div data-elementor-type=\"wp-page\" data-elementor-id=\"1392\" class=\"elementor elementor-1392\">\n\t\t\t\t<div class=\"elementor-element elementor-element-e66b5e9 e-con-full e-flex e-con e-parent\" data-id=\"e66b5e9\" data-element_type=\"container\" data-settings=\"{&quot;background_background&quot;:&quot;classic&quot;}\">\n\t\t\t\t<\/div>\n\t\t<div class=\"elementor-element elementor-element-33e26ca e-flex e-con-boxed e-con e-parent\" data-id=\"33e26ca\" data-element_type=\"container\">\n\t\t\t\t\t<div class=\"e-con-inner\">\n\t\t\t\t<div class=\"elementor-element elementor-element-4e5889d elementor-widget elementor-widget-heading\" data-id=\"4e5889d\" data-element_type=\"widget\" data-widget_type=\"heading.default\">\n\t\t\t\t<div class=\"elementor-widget-container\">\n\t\t\t<h2 class=\"elementor-heading-title elementor-size-default\">O que \u00e9 Lepra?\n<\/h2>\t\t<\/div>\n\t\t\t\t<\/div>\n\t\t\t\t\t<\/div>\n\t\t\t\t<\/div>\n\t\t<div class=\"elementor-element elementor-element-09df20e e-flex e-con-boxed e-con e-parent\" data-id=\"09df20e\" data-element_type=\"container\">\n\t\t\t\t\t<div class=\"e-con-inner\">\n\t\t\t\t<div class=\"elementor-element elementor-element-4beb51d elementor-widget elementor-widget-text-editor\" data-id=\"4beb51d\" data-element_type=\"widget\" data-widget_type=\"text-editor.default\">\n\t\t\t\t<div class=\"elementor-widget-container\">\n\t\t\t\t\t\t\t<p style=\"text-align: justify;\"><b><span lang=\"PT\">Lepra\u00a0<\/span><\/b><span style=\"font-family: var( --e-global-typography-text-font-family ), Sans-serif; font-weight: var( --e-global-typography-text-font-weight );\">\u00e9<\/span><b style=\"font-family: var( --e-global-typography-text-font-family ), Sans-serif;\"><span lang=\"PT\">\u00a0<\/span><\/b><span lang=\"PT\" style=\"font-family: var( --e-global-typography-text-font-family ), Sans-serif; font-weight: var( --e-global-typography-text-font-weight );\">uma doen\u00e7a infecciosa causada por uma bact\u00e9ria chamada \u201cMycobacterium leprae\u201d. Afecta principalmente a pele, nervos perif\u00e9ricos, a mucosa do trato respirat\u00f3rio superior e olhos. A lepra \u00e9 not\u00f3ria como incapacitante e deformidades s\u00e3o muitas vezes um forte contribuinte para as limita\u00e7\u00f5es de actividades, o estigma e a exclus\u00e3o.<\/span><\/p>\t\t\t\t\t\t<\/div>\n\t\t\t\t<\/div>\n\t\t\t\t\t<\/div>\n\t\t\t\t<\/div>\n\t\t<div class=\"elementor-element elementor-element-1530e20 e-grid e-con-boxed e-con e-parent\" data-id=\"1530e20\" data-element_type=\"container\">\n\t\t\t\t\t<div class=\"e-con-inner\">\n\t\t\t\t<div class=\"elementor-element elementor-element-4cee6f6 elementor-widget elementor-widget-sopot_feature_v2\" data-id=\"4cee6f6\" data-element_type=\"widget\" data-widget_type=\"sopot_feature_v2.default\">\n\t\t\t\t<div class=\"elementor-widget-container\">\n\t\t\t\t\t\n\n\t\t<!--Feature Two Single-->\n\t\t<div class=\"feature-two__single\">\n\t\t\t<div class=\"feature-two__img\">\n\t\t\t<img decoding=\"async\" src=\"https:\/\/nlrmoz.org\/wp-content\/uploads\/2024\/11\/IMG_8883-660x440-1.jpg\" alt=\"Awesome Image\">\n\t\t\t<\/div>\t\t\t<div class=\"feature-two__content\">\n\t\t\t\t<div class=\"feature-two__top\">\n\t\t\t\t\t<div class=\"feature-two__icon\">\n\t\t\t\t\t\t<span class=\"\"><\/span>\n\t\t\t\t\t<\/div>\n\t\t\t\t\t<h3 class=\"feature-two__title\"><a href=\"\">Zero Transmiss\u00e3o <\/a><\/h3>\n\t\t\t\t<\/div>\n\t\t\t\t<p class=\"feature-two__text\">Tem como objetivo principal quebrar a cadeia de transmiss\u00e3o da lepra, fortalecer a capacidade do sistema nacional de sa\u00fade para gest\u00e3o do programa da lepra ao n\u00edvel local e melhorar a capacidade dos servi\u00e7os comunit\u00e1rios de sa\u00fade para apoiar o programa de gest\u00e3o da lepra.<\/p>\n\t\t\t<\/div>\n\t\t<\/div>\n\n    \t\t<\/div>\n\t\t\t\t<\/div>\n\t\t\t\t<div class=\"elementor-element elementor-element-8cd052a elementor-widget elementor-widget-sopot_feature_v2\" data-id=\"8cd052a\" data-element_type=\"widget\" data-widget_type=\"sopot_feature_v2.default\">\n\t\t\t\t<div class=\"elementor-widget-container\">\n\t\t\t\t\t\n\n\t\t<!--Feature Two Single-->\n\t\t<div class=\"feature-two__single\">\n\t\t\t<div class=\"feature-two__img\">\n\t\t\t<img decoding=\"async\" src=\"https:\/\/nlrmoz.org\/wp-content\/uploads\/2026\/02\/JJ-Stok-Mozambique-Leprastichting-8579-scaled.jpg\" alt=\"Awesome Image\">\n\t\t\t<\/div>\t\t\t<div class=\"feature-two__content\">\n\t\t\t\t<div class=\"feature-two__top\">\n\t\t\t\t\t<div class=\"feature-two__icon\">\n\t\t\t\t\t\t<span class=\"\"><\/span>\n\t\t\t\t\t<\/div>\n\t\t\t\t\t<h3 class=\"feature-two__title\"><a href=\"\">Zero Exclus\u00e3o<\/a><\/h3>\n\t\t\t\t<\/div>\n\t\t\t\t<p class=\"feature-two__text\">As pessoas com defici\u00eancia devido \u00e0 lepra em \u00e1reas-alvo ter\u00e3o melhorado suas vidas por terem acesso a servi\u00e7os abrangentes e participando de atividades comunit\u00e1rias.\n<\/p>\n\t\t\t<\/div>\n\t\t<\/div>\n\n    \t\t<\/div>\n\t\t\t\t<\/div>\n\t\t\t\t<div class=\"elementor-element elementor-element-8b71be2 elementor-widget__width-initial elementor-widget elementor-widget-sopot_feature_v2\" data-id=\"8b71be2\" data-element_type=\"widget\" data-widget_type=\"sopot_feature_v2.default\">\n\t\t\t\t<div class=\"elementor-widget-container\">\n\t\t\t\t\t\n\n\t\t<!--Feature Two Single-->\n\t\t<div class=\"feature-two__single\">\n\t\t\t<div class=\"feature-two__img\">\n\t\t\t<img decoding=\"async\" src=\"https:\/\/nlrmoz.org\/wp-content\/uploads\/2024\/10\/JJ-Stok-Mozambique-Leprastichting-2228-scaled.jpg\" alt=\"Awesome Image\">\n\t\t\t<\/div>\t\t\t<div class=\"feature-two__content\">\n\t\t\t\t<div class=\"feature-two__top\">\n\t\t\t\t\t<div class=\"feature-two__icon\">\n\t\t\t\t\t\t<span class=\"\"><\/span>\n\t\t\t\t\t<\/div>\n\t\t\t\t\t<h3 class=\"feature-two__title\"><a href=\"\">Zero defici\u00eancia<\/a><\/h3>\n\t\t\t\t<\/div>\n\t\t\t\t<p class=\"feature-two__text\">Pessoas afetadas pela lepra n\u00e3o desenvolver\u00e3o novas defici\u00eancias durante ou ap\u00f3s o tratamento\n<\/p>\n\t\t\t<\/div>\n\t\t<\/div>\n\n    \t\t<\/div>\n\t\t\t\t<\/div>\n\t\t\t\t\t<\/div>\n\t\t\t\t<\/div>\n\t\t\t\t<\/div>\n\t\t","protected":false},"excerpt":{"rendered":"<p>O que \u00e9 Lepra? Lepra\u00a0\u00e9\u00a0uma doen\u00e7a infecciosa causada por uma bact\u00e9ria chamada \u201cMycobacterium leprae\u201d. Afecta principalmente a pele, nervos perif\u00e9ricos, a mucosa do trato respirat\u00f3rio superior e olhos. A lepra [&hellip;]<\/p>\n","protected":false},"author":1,"featured_media":0,"parent":0,"menu_order":0,"comment_status":"closed","ping_status":"closed","template":"elementor_header_footer","meta":{"_monsterinsights_skip_tracking":false,"_monsterinsights_sitenote_active":false,"_monsterinsights_sitenote_note":"","_monsterinsights_sitenote_category":0,"footnotes":""},"class_list":["post-1392","page","type-page","status-publish","hentry"],"aioseo_notices":[],"_links":{"self":[{"href":"https:\/\/nlrmoz.org\/index.php\/wp-json\/wp\/v2\/pages\/1392","targetHints":{"allow":["GET"]}}],"collection":[{"href":"https:\/\/nlrmoz.org\/index.php\/wp-json\/wp\/v2\/pages"}],"about":[{"href":"https:\/\/nlrmoz.org\/index.php\/wp-json\/wp\/v2\/types\/page"}],"author":[{"embeddable":true,"href":"https:\/\/nlrmoz.org\/index.php\/wp-json\/wp\/v2\/users\/1"}],"replies":[{"embeddable":true,"href":"https:\/\/nlrmoz.org\/index.php\/wp-json\/wp\/v2\/comments?post=1392"}],"version-history":[{"count":52,"href":"https:\/\/nlrmoz.org\/index.php\/wp-json\/wp\/v2\/pages\/1392\/revisions"}],"predecessor-version":[{"id":2571,"href":"https:\/\/nlrmoz.org\/index.php\/wp-json\/wp\/v2\/pages\/1392\/revisions\/2571"}],"wp:attachment":[{"href":"https:\/\/nlrmoz.org\/index.php\/wp-json\/wp\/v2\/media?parent=1392"}],"curies":[{"name":"wp","href":"https:\/\/api.w.org\/{rel}","templated":true}]}}