{"id":1394,"date":"2024-10-18T08:17:24","date_gmt":"2024-10-18T08:17:24","guid":{"rendered":"https:\/\/nlrmoz.org\/anlrm\/?page_id=1394"},"modified":"2026-02-11T11:17:06","modified_gmt":"2026-02-11T11:17:06","slug":"sobre-anlrm","status":"publish","type":"page","link":"https:\/\/nlrmoz.org\/index.php\/sobre-anlrm\/","title":{"rendered":"Sobre ANLRM"},"content":{"rendered":"\t\t<div data-elementor-type=\"wp-page\" data-elementor-id=\"1394\" class=\"elementor elementor-1394\">\n\t\t\t\t<div class=\"elementor-element elementor-element-250592e e-flex e-con-boxed e-con e-parent\" data-id=\"250592e\" data-element_type=\"container\" data-settings=\"{&quot;background_background&quot;:&quot;classic&quot;}\">\n\t\t\t\t\t<div class=\"e-con-inner\">\n\t\t\t\t\t<\/div>\n\t\t\t\t<\/div>\n\t\t<div class=\"elementor-element elementor-element-018cb0d e-flex e-con-boxed e-con e-parent\" data-id=\"018cb0d\" data-element_type=\"container\">\n\t\t\t\t\t<div class=\"e-con-inner\">\n\t\t\t\t<div class=\"elementor-element elementor-element-d9e312b elementor-widget elementor-widget-heading\" data-id=\"d9e312b\" data-element_type=\"widget\" data-widget_type=\"heading.default\">\n\t\t\t\t<div class=\"elementor-widget-container\">\n\t\t\t<h2 class=\"elementor-heading-title elementor-size-default\">Sobre ANLRM\n<\/h2>\t\t<\/div>\n\t\t\t\t<\/div>\n\t\t\t\t\t<\/div>\n\t\t\t\t<\/div>\n\t\t<div class=\"elementor-element elementor-element-02f76c2 e-flex e-con-boxed e-con e-parent\" data-id=\"02f76c2\" data-element_type=\"container\">\n\t\t\t\t\t<div class=\"e-con-inner\">\n\t\t\t\t<div class=\"elementor-element elementor-element-7c4f84d elementor-widget elementor-widget-text-editor\" data-id=\"7c4f84d\" data-element_type=\"widget\" data-widget_type=\"text-editor.default\">\n\t\t\t\t<div class=\"elementor-widget-container\">\n\t\t\t\t\t\t\t<p style=\"text-align: justify;\"><span lang=\"PT\">A <strong>Associa\u00e7\u00e3o N\u00e3o Lepra Recorrente em Mo\u00e7ambique<\/strong> <strong>(ANLRM)<\/strong> \u00e9 uma Organiza\u00e7\u00e3o N\u00e3o Governamental (ONG) Nacional, com autoriza\u00e7\u00e3o do Minist\u00e9rio da Justi\u00e7a e Assuntos Constitucionais- BR nr 57, 3\u00aa serie, de 23 de Marco de 2022. Tem a sua sede em Maputo, no Bairro da Coop, Rua An\u00edbal Aleluia N<\/span><span lang=\"PT\" style=\"font-family: 'Walbaum Heading',serif; mso-ansi-language: PT;\">\u00b0<\/span><span lang=\"PT\">70. Desenvolve actividades na \u00e1rea da sa\u00fade, em parceria com o Minist\u00e9rio da Sa\u00fade (MISAU) e tamb\u00e9m com o Minist\u00e9rio de G\u00e9nero Crian\u00e7a e Ac\u00e7\u00e3o Social (MGCAS) e seus representantes. &nbsp;Fruto da Funda\u00e7\u00e3o Holandesa Contra Lepra -NLR (Until No Leprosy Remains), as actividades da NLR Mozambique, como sucursal da Funda\u00e7\u00e3o, iniciaram em 1996.<\/span><\/p><p style=\"text-align: justify;\"><span lang=\"PT\"><br><\/span><\/p>\n<p style=\"text-align: justify;\"><span lang=\"PT\">A n\u00edvel Nacional, Provincial e Distrital, providencia apoio t\u00e9cnico ao Programa Nacional de Controlo da Lepra (PNCL) do Governo de Mo\u00e7ambique com o objectivo de incrementar a qualidade dos servi\u00e7os, atrav\u00e9s da melhoria da planifica\u00e7\u00e3o e dos sistemas de monitoria e avalia\u00e7\u00e3o usados para o controlo da lepra.<\/span><\/p><p style=\"text-align: justify;\"><span lang=\"PT\"><br><\/span><\/p>\n<p style=\"text-align: justify;\"><span lang=\"PT\">As interven\u00e7\u00f5es da NLR visam melhorar o diagn\u00f3stico precoce, tratamento, seguimento das complica\u00e7\u00f5es da lepra, rastreio de contactos, administra\u00e7\u00e3o da profilaxia com a dose \u00fanica de Rifampicina- DUR (em projectos espec\u00edficos de pesquisa ou pilotagem, at\u00e9 ent\u00e3o). &nbsp;<\/span><\/p><p style=\"text-align: justify;\"><span lang=\"PT\"><br><\/span><\/p>\n<p style=\"text-align: justify;\"><span lang=\"PT\">Atrav\u00e9s dos Grupos Inclusivos de Auto-cuidado (GIACs), fazemos a preven\u00e7\u00e3o e reabilita\u00e7\u00e3o de incapacidades e deformidades, incluindo a reabilita\u00e7\u00e3o f\u00edsica baseada na comunidade.<\/span><\/p>\n<p style=\"text-align: justify;\"><span lang=\"PT\">Em parceria com as Organiza\u00e7\u00f5es de Pessoas com Defici\u00eancia (OPDs) e Servi\u00e7os Distritais da Mulher, Crian\u00e7a e Ac\u00e7\u00e3o Social, promovemos a inclus\u00e3o e redu\u00e7\u00e3o do estigma atrav\u00e9s de projectos de reabilita\u00e7\u00e3o socio-ec\u00f3nomica e integra\u00e7\u00e3o das PCD nos Programas de Prote\u00e7\u00e3o Social.<\/span><\/p><p style=\"text-align: justify;\"><span lang=\"PT\"><br><\/span><\/p>\n<p style=\"text-align: justify;\"><span lang=\"PT\">Actualmente, a NLR Mo\u00e7ambique actua em tr\u00eas (3) provinciais (Nampula, Zamb\u00e9zia e Niassa) e tem escrit\u00f3rios nas cidades de Maputo, Nampula e Mocuba. O escrit\u00f3rio de Maputo \u00e9 de car\u00e1cter administrativo e de colabora\u00e7\u00e3o com o MISAU, o MGCAS e outros parceiros\/doadores enquanto os restantes s\u00e3o de opera\u00e7\u00f5es, onde, at\u00e9 ent\u00e3o, trabalha-se em colabora\u00e7\u00e3o com as dire\u00e7\u00f5es locais, Organiza\u00e7\u00f5es Comunit\u00e1rias de Base (OCB) e outros actores locais.<\/span><\/p><p style=\"text-align: justify;\"><span lang=\"PT\"><br><\/span><\/p>\n<p style=\"text-align: justify;\"><strong>Vis\u00e3o<\/strong><\/p>\n<p style=\"text-align: justify;\"><span lang=\"PT\">Um Mundo livre da lepra e suas consequ\u00eancias, no qual todos os indiv\u00edduos usufruem de uma vida digna.<\/span><\/p><p style=\"text-align: justify;\"><span lang=\"PT\"><br><\/span><\/p>\n<p style=\"text-align: justify;\"><strong>Miss\u00e3o<\/strong><\/p>\n<p style=\"text-align: justify;\"><span style=\"font-family: var( --e-global-typography-text-font-family ), Sans-serif; font-weight: var( --e-global-typography-text-font-weight );\">Prevenir, detectar, tratar a lepra e outras DTNs incapacitantes, promovendo sa\u00fade, habilidades e plena inclus\u00e3o na sociedade das pessoas afectadas.<\/span><\/p>\t\t\t\t\t\t<\/div>\n\t\t\t\t<\/div>\n\t\t\t\t\t<\/div>\n\t\t\t\t<\/div>\n\t\t<div class=\"elementor-element elementor-element-f6e1d19 e-flex e-con-boxed e-con e-parent\" data-id=\"f6e1d19\" data-element_type=\"container\">\n\t\t\t\t\t<div class=\"e-con-inner\">\n\t\t\t\t<div class=\"elementor-element elementor-element-ea909cb elementor-widget elementor-widget-image\" data-id=\"ea909cb\" data-element_type=\"widget\" data-widget_type=\"image.default\">\n\t\t\t\t<div class=\"elementor-widget-container\">\n\t\t\t\t\t\t\t\t\t\t\t\t\t<img fetchpriority=\"high\" decoding=\"async\" width=\"525\" height=\"350\" src=\"https:\/\/nlrmoz.org\/wp-content\/uploads\/2024\/10\/JJ-Stok-Mozambique-Leprastichting-2651-1-1024x683.jpg\" class=\"attachment-large size-large wp-image-1381\" alt=\"\" srcset=\"https:\/\/nlrmoz.org\/wp-content\/uploads\/2024\/10\/JJ-Stok-Mozambique-Leprastichting-2651-1-1024x683.jpg 1024w, https:\/\/nlrmoz.org\/wp-content\/uploads\/2024\/10\/JJ-Stok-Mozambique-Leprastichting-2651-1-300x200.jpg 300w, https:\/\/nlrmoz.org\/wp-content\/uploads\/2024\/10\/JJ-Stok-Mozambique-Leprastichting-2651-1-768x512.jpg 768w, https:\/\/nlrmoz.org\/wp-content\/uploads\/2024\/10\/JJ-Stok-Mozambique-Leprastichting-2651-1-1536x1024.jpg 1536w, https:\/\/nlrmoz.org\/wp-content\/uploads\/2024\/10\/JJ-Stok-Mozambique-Leprastichting-2651-1-2048x1365.jpg 2048w\" sizes=\"(max-width: 525px) 100vw, 525px\" \/>\t\t\t\t\t\t\t\t\t\t\t\t\t<\/div>\n\t\t\t\t<\/div>\n\t\t\t\t\t<\/div>\n\t\t\t\t<\/div>\n\t\t\t\t<\/div>\n\t\t","protected":false},"excerpt":{"rendered":"<p>Sobre ANLRM A Associa\u00e7\u00e3o N\u00e3o Lepra Recorrente em Mo\u00e7ambique (ANLRM) \u00e9 uma Organiza\u00e7\u00e3o N\u00e3o Governamental (ONG) Nacional, com autoriza\u00e7\u00e3o do Minist\u00e9rio da Justi\u00e7a e Assuntos Constitucionais- BR nr 57, 3\u00aa [&hellip;]<\/p>\n","protected":false},"author":1,"featured_media":0,"parent":0,"menu_order":0,"comment_status":"closed","ping_status":"closed","template":"elementor_header_footer","meta":{"_monsterinsights_skip_tracking":false,"_monsterinsights_sitenote_active":false,"_monsterinsights_sitenote_note":"","_monsterinsights_sitenote_category":0,"footnotes":""},"class_list":["post-1394","page","type-page","status-publish","hentry"],"aioseo_notices":[],"_links":{"self":[{"href":"https:\/\/nlrmoz.org\/index.php\/wp-json\/wp\/v2\/pages\/1394","targetHints":{"allow":["GET"]}}],"collection":[{"href":"https:\/\/nlrmoz.org\/index.php\/wp-json\/wp\/v2\/pages"}],"about":[{"href":"https:\/\/nlrmoz.org\/index.php\/wp-json\/wp\/v2\/types\/page"}],"author":[{"embeddable":true,"href":"https:\/\/nlrmoz.org\/index.php\/wp-json\/wp\/v2\/users\/1"}],"replies":[{"embeddable":true,"href":"https:\/\/nlrmoz.org\/index.php\/wp-json\/wp\/v2\/comments?post=1394"}],"version-history":[{"count":22,"href":"https:\/\/nlrmoz.org\/index.php\/wp-json\/wp\/v2\/pages\/1394\/revisions"}],"predecessor-version":[{"id":2471,"href":"https:\/\/nlrmoz.org\/index.php\/wp-json\/wp\/v2\/pages\/1394\/revisions\/2471"}],"wp:attachment":[{"href":"https:\/\/nlrmoz.org\/index.php\/wp-json\/wp\/v2\/media?parent=1394"}],"curies":[{"name":"wp","href":"https:\/\/api.w.org\/{rel}","templated":true}]}}