{"id":1396,"date":"2024-10-18T08:18:09","date_gmt":"2024-10-18T08:18:09","guid":{"rendered":"https:\/\/nlrmoz.org\/anlrm\/?page_id=1396"},"modified":"2024-10-20T14:17:20","modified_gmt":"2024-10-20T14:17:20","slug":"doencas-alvo-no-trabalho-da-nlr","status":"publish","type":"page","link":"https:\/\/nlrmoz.org\/index.php\/doencas-alvo-no-trabalho-da-nlr\/","title":{"rendered":"Doen\u00e7as- alvo no trabalho da NLR"},"content":{"rendered":"\t\t<div data-elementor-type=\"wp-page\" data-elementor-id=\"1396\" class=\"elementor elementor-1396\">\n\t\t\t\t<div class=\"elementor-element elementor-element-4898799 e-flex e-con-boxed e-con e-parent\" data-id=\"4898799\" data-element_type=\"container\">\n\t\t\t\t\t<div class=\"e-con-inner\">\n\t\t\t\t<div class=\"elementor-element elementor-element-26dd8d1 elementor-widget elementor-widget-heading\" data-id=\"26dd8d1\" data-element_type=\"widget\" data-widget_type=\"heading.default\">\n\t\t\t\t<div class=\"elementor-widget-container\">\n\t\t\t<h2 class=\"elementor-heading-title elementor-size-default\">Doen\u00e7as- alvo no trabalho da NLR<\/h2>\t\t<\/div>\n\t\t\t\t<\/div>\n\t\t\t\t\t<\/div>\n\t\t\t\t<\/div>\n\t\t<div class=\"elementor-element elementor-element-df86947 e-grid e-con-boxed e-con e-parent\" data-id=\"df86947\" data-element_type=\"container\">\n\t\t\t\t\t<div class=\"e-con-inner\">\n\t\t\t\t<div class=\"elementor-element elementor-element-c843997 elementor-position-top elementor-widget elementor-widget-image-box\" data-id=\"c843997\" data-element_type=\"widget\" data-widget_type=\"image-box.default\">\n\t\t\t\t<div class=\"elementor-widget-container\">\n\t\t\t<div class=\"elementor-image-box-wrapper\"><figure class=\"elementor-image-box-img\"><img fetchpriority=\"high\" decoding=\"async\" width=\"1709\" height=\"2560\" src=\"https:\/\/nlrmoz.org\/wp-content\/uploads\/2024\/10\/5.-DSC_2411-copy-scaled.jpg\" class=\"attachment-full size-full wp-image-1376\" alt=\"\" srcset=\"https:\/\/nlrmoz.org\/wp-content\/uploads\/2024\/10\/5.-DSC_2411-copy-scaled.jpg 1709w, https:\/\/nlrmoz.org\/wp-content\/uploads\/2024\/10\/5.-DSC_2411-copy-200x300.jpg 200w, https:\/\/nlrmoz.org\/wp-content\/uploads\/2024\/10\/5.-DSC_2411-copy-683x1024.jpg 683w, https:\/\/nlrmoz.org\/wp-content\/uploads\/2024\/10\/5.-DSC_2411-copy-768x1151.jpg 768w, https:\/\/nlrmoz.org\/wp-content\/uploads\/2024\/10\/5.-DSC_2411-copy-1025x1536.jpg 1025w, https:\/\/nlrmoz.org\/wp-content\/uploads\/2024\/10\/5.-DSC_2411-copy-1367x2048.jpg 1367w\" sizes=\"(max-width: 1709px) 100vw, 1709px\" \/><\/figure><div class=\"elementor-image-box-content\"><h3 class=\"elementor-image-box-title\">Lepra<\/h3><p class=\"elementor-image-box-description\">\u00c9 uma doen\u00e7a infecciosa causada por uma bact\u00e9ria chamada \u201cMycobacterium leprae\u201d. Afecta principalmente a pele, nervos perif\u00e9ricos, a mucosa do trato respirat\u00f3rio superior e olhos. A lepra \u00e9 not\u00f3ria como incapacitante e deformidades s\u00e3o muitas vezes um forte contribuinte para as limita\u00e7\u00f5es de actividades, o estigma e a exclus\u00e3o.<\/p><\/div><\/div>\t\t<\/div>\n\t\t\t\t<\/div>\n\t\t\t\t<div class=\"elementor-element elementor-element-bfffa89 elementor-position-top elementor-widget elementor-widget-image-box\" data-id=\"bfffa89\" data-element_type=\"widget\" data-widget_type=\"image-box.default\">\n\t\t\t\t<div class=\"elementor-widget-container\">\n\t\t\t<div class=\"elementor-image-box-wrapper\"><figure class=\"elementor-image-box-img\"><img decoding=\"async\" width=\"7208\" height=\"10796\" src=\"https:\/\/nlrmoz.org\/wp-content\/uploads\/2024\/10\/Filariase.jpg\" class=\"attachment-full size-full wp-image-1658\" alt=\"\" \/><\/figure><div class=\"elementor-image-box-content\"><h3 class=\"elementor-image-box-title\">Filar\u00edase linf\u00e1tica<\/h3><p class=\"elementor-image-box-description\">Vulgarmente conhecida por elefant\u00edase, \u00e9 causada por um parasita transmitido por mosquitos de g\u00e9nero \u2018Culex,Mansonia e Anopheles\u2019, cujas larvas obstruem o sistema linf\u00e1tico. Por vezes causa hidrocelo (aumento escrotal), edema (incha\u00e7o na perna). <\/p><\/div><\/div>\t\t<\/div>\n\t\t\t\t<\/div>\n\t\t\t\t<div class=\"elementor-element elementor-element-3007c4b elementor-position-top elementor-widget elementor-widget-image-box\" data-id=\"3007c4b\" data-element_type=\"widget\" data-widget_type=\"image-box.default\">\n\t\t\t\t<div class=\"elementor-widget-container\">\n\t\t\t<div class=\"elementor-image-box-wrapper\"><figure class=\"elementor-image-box-img\"><img decoding=\"async\" width=\"7273\" height=\"11583\" src=\"https:\/\/nlrmoz.org\/wp-content\/uploads\/2024\/10\/konzo.jpg\" class=\"attachment-full size-full wp-image-1439\" alt=\"\" \/><\/figure><div class=\"elementor-image-box-content\"><h3 class=\"elementor-image-box-title\">Konzo<\/h3><p class=\"elementor-image-box-description\">\u00c9 uma paraparesia esp\u00e1stica s\u00fabita e irrevers\u00edvel dos membros inferiores, com os reflexos rotolianos aumentados, marcha esp\u00e1stica dos membros inferiores at\u00edpica e em casos graves, paraplegia esp\u00e1stica, dificuldade em falar, vis\u00e3o e audi\u00e7\u00e3o diminu\u00eddas, causada pelo consumo prolongado da mandioca amarga (alto teor de cianeto) associado \u00e0 m\u00e1 nutric\u00e7\u00e3o.<\/p><\/div><\/div>\t\t<\/div>\n\t\t\t\t<\/div>\n\t\t\t\t\t<\/div>\n\t\t\t\t<\/div>\n\t\t\t\t<\/div>\n\t\t","protected":false},"excerpt":{"rendered":"<p>Doen\u00e7as- alvo no trabalho da NLR Lepra \u00c9 uma doen\u00e7a infecciosa causada por uma bact\u00e9ria chamada \u201cMycobacterium leprae\u201d. Afecta principalmente a pele, nervos perif\u00e9ricos, a mucosa do trato respirat\u00f3rio superior [&hellip;]<\/p>\n","protected":false},"author":1,"featured_media":0,"parent":0,"menu_order":0,"comment_status":"closed","ping_status":"closed","template":"elementor_header_footer","meta":{"_monsterinsights_skip_tracking":false,"_monsterinsights_sitenote_active":false,"_monsterinsights_sitenote_note":"","_monsterinsights_sitenote_category":0,"footnotes":""},"class_list":["post-1396","page","type-page","status-publish","hentry"],"aioseo_notices":[],"_links":{"self":[{"href":"https:\/\/nlrmoz.org\/index.php\/wp-json\/wp\/v2\/pages\/1396","targetHints":{"allow":["GET"]}}],"collection":[{"href":"https:\/\/nlrmoz.org\/index.php\/wp-json\/wp\/v2\/pages"}],"about":[{"href":"https:\/\/nlrmoz.org\/index.php\/wp-json\/wp\/v2\/types\/page"}],"author":[{"embeddable":true,"href":"https:\/\/nlrmoz.org\/index.php\/wp-json\/wp\/v2\/users\/1"}],"replies":[{"embeddable":true,"href":"https:\/\/nlrmoz.org\/index.php\/wp-json\/wp\/v2\/comments?post=1396"}],"version-history":[{"count":13,"href":"https:\/\/nlrmoz.org\/index.php\/wp-json\/wp\/v2\/pages\/1396\/revisions"}],"predecessor-version":[{"id":1719,"href":"https:\/\/nlrmoz.org\/index.php\/wp-json\/wp\/v2\/pages\/1396\/revisions\/1719"}],"wp:attachment":[{"href":"https:\/\/nlrmoz.org\/index.php\/wp-json\/wp\/v2\/media?parent=1396"}],"curies":[{"name":"wp","href":"https:\/\/api.w.org\/{rel}","templated":true}]}}