{"id":1777,"date":"2024-11-01T08:28:04","date_gmt":"2024-11-01T08:28:04","guid":{"rendered":"https:\/\/nlrmoz.org\/?page_id=1777"},"modified":"2026-02-11T11:30:17","modified_gmt":"2026-02-11T11:30:17","slug":"pep4lep","status":"publish","type":"page","link":"https:\/\/nlrmoz.org\/index.php\/pep4lep\/","title":{"rendered":"PEP4LEP"},"content":{"rendered":"\t\t<div data-elementor-type=\"wp-page\" data-elementor-id=\"1777\" class=\"elementor elementor-1777\">\n\t\t\t\t<div class=\"elementor-element elementor-element-feb91d7 e-flex e-con-boxed e-con e-parent\" data-id=\"feb91d7\" data-element_type=\"container\" data-settings=\"{&quot;background_background&quot;:&quot;classic&quot;}\">\n\t\t\t\t\t<div class=\"e-con-inner\">\n\t\t\t\t\t<\/div>\n\t\t\t\t<\/div>\n\t\t<div class=\"elementor-element elementor-element-8bbfeba e-flex e-con-boxed e-con e-parent\" data-id=\"8bbfeba\" data-element_type=\"container\">\n\t\t\t\t\t<div class=\"e-con-inner\">\n\t\t\t\t<div class=\"elementor-element elementor-element-e31f3bd elementor-widget elementor-widget-heading\" data-id=\"e31f3bd\" data-element_type=\"widget\" data-widget_type=\"heading.default\">\n\t\t\t\t<div class=\"elementor-widget-container\">\n\t\t\t<h2 class=\"elementor-heading-title elementor-size-default\">PEP4LEP<\/h2>\t\t<\/div>\n\t\t\t\t<\/div>\n\t\t\t\t\t<\/div>\n\t\t\t\t<\/div>\n\t\t<div class=\"elementor-element elementor-element-9b1d90f e-flex e-con-boxed e-con e-parent\" data-id=\"9b1d90f\" data-element_type=\"container\">\n\t\t\t\t\t<div class=\"e-con-inner\">\n\t\t\t\t<div class=\"elementor-element elementor-element-60051ca elementor-widget elementor-widget-text-editor\" data-id=\"60051ca\" data-element_type=\"widget\" data-widget_type=\"text-editor.default\">\n\t\t\t\t<div class=\"elementor-widget-container\">\n\t\t\t\t\t\t\t<p>PEP4LEP \u2013 Quimioprofilaxia para a Lepra: \u00e9 um estudo que visa contribuir para a interrup\u00e7\u00e3o da transmiss\u00e3o do M. leprae atrav\u00e9s da identifica\u00e7\u00e3o do m\u00e9todo mais eficaz e vi\u00e1vel de rastreio de pessoas em risco de desenvolver lepra e de administra\u00e7\u00e3o de quimioprofilaxia na Eti\u00f3pia, Mo\u00e7ambique e Tanz\u00e2nia.<\/p><p>Em 3 anos &#8211; 2019 a 2021, atrav\u00e9s de um ensaio de implementa\u00e7\u00e3o, o projeto ir\u00e1 comparar a efic\u00e1cia e a viabilidade de uma interven\u00e7\u00e3o num campo de pele com uma interven\u00e7\u00e3o baseada num centro de sa\u00fade para contribuir para a interrup\u00e7\u00e3o da transmiss\u00e3o do M. leprae, identificando o m\u00e9todo mais eficaz e vi\u00e1vel de rastreio de pessoas em risco de desenvolver a lepra e de administra\u00e7\u00e3o de quimioprofilaxia. O prjecto est\u00e1 numa fase de extens\u00e3o.<\/p>\t\t\t\t\t\t<\/div>\n\t\t\t\t<\/div>\n\t\t\t\t\t<\/div>\n\t\t\t\t<\/div>\n\t\t<div class=\"elementor-element elementor-element-beee82a e-con-full e-flex e-con e-parent\" data-id=\"beee82a\" data-element_type=\"container\">\n\t\t\t\t<div class=\"elementor-element elementor-element-91a64f8 elementor-widget elementor-widget-image\" data-id=\"91a64f8\" data-element_type=\"widget\" data-widget_type=\"image.default\">\n\t\t\t\t<div class=\"elementor-widget-container\">\n\t\t\t\t\t\t\t\t\t\t\t\t\t<img decoding=\"async\" src=\"https:\/\/nlrmoz.org\/wp-content\/uploads\/elementor\/thumbs\/pep4le1-scaled-qwequaojmvd7dd7vo43rozbjxfaps3n6lnjad4srbg.jpg\" title=\"pep4le1\" alt=\"\" loading=\"lazy\" \/>\t\t\t\t\t\t\t\t\t\t\t\t\t<\/div>\n\t\t\t\t<\/div>\n\t\t\t\t<\/div>\n\t\t<div class=\"elementor-element elementor-element-610e5e7 e-flex e-con-boxed e-con e-parent\" data-id=\"610e5e7\" data-element_type=\"container\">\n\t\t\t\t\t<div class=\"e-con-inner\">\n\t\t\t\t<div class=\"elementor-element elementor-element-bec4f00 elementor-widget elementor-widget-text-editor\" data-id=\"bec4f00\" data-element_type=\"widget\" data-widget_type=\"text-editor.default\">\n\t\t\t\t<div class=\"elementor-widget-container\">\n\t\t\t\t\t\t\t<p class=\"MsoNormal\"><span lang=\"PT\">O objetivo do projeto de investiga\u00e7\u00e3o \u00e9 fornecer quimioprofilaxia sob forma de dose \u00fanica (SDR) de rifampicina aos contactos dos doentes de lepra, a fim de reduzir em 60% o seu risco de desenvolver lepra.<\/span><\/p><p class=\"MsoNormal\"><span lang=\"PT\">Em Mo\u00e7ambique, o projeto est\u00e1 a ser implementado na Prov\u00edncia de Nampula (Distritos de Meconta, Murrupula e Mogovolas).<\/span><\/p><p>\u00a0<\/p><p class=\"MsoNormal\"><span lang=\"PT\">Este estudo contribuir\u00e1 para a concretiza\u00e7\u00e3o do Objetivo de Desenvolvimento Sustent\u00e1vel 3 das Na\u00e7\u00f5es Unidas: \u201cAssegurar uma vida saud\u00e1vel e promover o bem-estar para todos, em todas as idades\u201d, ao gerar provas sobre a forma mais eficaz e vi\u00e1vel de integrar a quimioprofilaxia para a lepra nos programas de controlo da lepra de rotina em diferentes contextos socioculturais na \u00c1frica Subsariana.<\/span><\/p>\t\t\t\t\t\t<\/div>\n\t\t\t\t<\/div>\n\t\t\t\t\t<\/div>\n\t\t\t\t<\/div>\n\t\t<div class=\"elementor-element elementor-element-c187232 e-grid e-con-boxed e-con e-parent\" data-id=\"c187232\" data-element_type=\"container\">\n\t\t\t\t\t<div class=\"e-con-inner\">\n\t\t\t\t<div class=\"elementor-element elementor-element-f33a939 elementor-widget elementor-widget-image\" data-id=\"f33a939\" data-element_type=\"widget\" data-widget_type=\"image.default\">\n\t\t\t\t<div class=\"elementor-widget-container\">\n\t\t\t\t\t\t\t\t\t\t\t\t\t<img decoding=\"async\" src=\"https:\/\/nlrmoz.org\/wp-content\/uploads\/elementor\/thumbs\/IMG_8883-660x440-1-qwer68841255hmjz68j0e754gsubjkl04gw2a83f9c.jpg\" title=\"IMG_8883-660&#215;440\" alt=\"\" loading=\"lazy\" \/>\t\t\t\t\t\t\t\t\t\t\t\t\t<\/div>\n\t\t\t\t<\/div>\n\t\t\t\t<div class=\"elementor-element elementor-element-187a224 elementor-widget elementor-widget-image\" data-id=\"187a224\" data-element_type=\"widget\" data-widget_type=\"image.default\">\n\t\t\t\t<div class=\"elementor-widget-container\">\n\t\t\t\t\t\t\t\t\t\t\t\t\t<img decoding=\"async\" src=\"https:\/\/nlrmoz.org\/wp-content\/uploads\/elementor\/thumbs\/IMG_8888-1345x660-1-qwer7genpb1i4synbc5g4dqcxj9je8a2ry0hx5oqzs.jpg\" title=\"IMG_8888-1345&#215;660 (1)\" alt=\"\" loading=\"lazy\" \/>\t\t\t\t\t\t\t\t\t\t\t\t\t<\/div>\n\t\t\t\t<\/div>\n\t\t\t\t\t<\/div>\n\t\t\t\t<\/div>\n\t\t<div class=\"elementor-element elementor-element-6e60fda e-grid e-con-boxed e-con e-parent\" data-id=\"6e60fda\" data-element_type=\"container\">\n\t\t\t\t\t<div class=\"e-con-inner\">\n\t\t\t\t<div class=\"elementor-element elementor-element-541969e elementor-widget elementor-widget-image\" data-id=\"541969e\" data-element_type=\"widget\" data-widget_type=\"image.default\">\n\t\t\t\t<div class=\"elementor-widget-container\">\n\t\t\t\t\t\t\t\t\t\t\t\t\t<img fetchpriority=\"high\" decoding=\"async\" width=\"525\" height=\"340\" src=\"https:\/\/nlrmoz.org\/wp-content\/uploads\/2024\/11\/Logo-EDCTPEU-text-below.jpg\" class=\"attachment-large size-large wp-image-1822\" alt=\"\" srcset=\"https:\/\/nlrmoz.org\/wp-content\/uploads\/2024\/11\/Logo-EDCTPEU-text-below.jpg 703w, https:\/\/nlrmoz.org\/wp-content\/uploads\/2024\/11\/Logo-EDCTPEU-text-below-300x194.jpg 300w\" sizes=\"(max-width: 525px) 100vw, 525px\" \/>\t\t\t\t\t\t\t\t\t\t\t\t\t<\/div>\n\t\t\t\t<\/div>\n\t\t\t\t<div class=\"elementor-element elementor-element-ca14c5a elementor-widget elementor-widget-image\" data-id=\"ca14c5a\" data-element_type=\"widget\" data-widget_type=\"image.default\">\n\t\t\t\t<div class=\"elementor-widget-container\">\n\t\t\t\t\t\t\t\t\t\t\t\t\t<img decoding=\"async\" width=\"525\" height=\"181\" src=\"https:\/\/nlrmoz.org\/wp-content\/uploads\/2024\/11\/Logo-LRI-text-below.jpg\" class=\"attachment-large size-large wp-image-1823\" alt=\"\" srcset=\"https:\/\/nlrmoz.org\/wp-content\/uploads\/2024\/11\/Logo-LRI-text-below.jpg 793w, https:\/\/nlrmoz.org\/wp-content\/uploads\/2024\/11\/Logo-LRI-text-below-300x103.jpg 300w, https:\/\/nlrmoz.org\/wp-content\/uploads\/2024\/11\/Logo-LRI-text-below-768x264.jpg 768w\" sizes=\"(max-width: 525px) 100vw, 525px\" \/>\t\t\t\t\t\t\t\t\t\t\t\t\t<\/div>\n\t\t\t\t<\/div>\n\t\t\t\t\t<\/div>\n\t\t\t\t<\/div>\n\t\t\t\t<\/div>\n\t\t","protected":false},"excerpt":{"rendered":"<p>PEP4LEP PEP4LEP \u2013 Quimioprofilaxia para a Lepra: \u00e9 um estudo que visa contribuir para a interrup\u00e7\u00e3o da transmiss\u00e3o do M. leprae atrav\u00e9s da identifica\u00e7\u00e3o do m\u00e9todo mais eficaz e vi\u00e1vel [&hellip;]<\/p>\n","protected":false},"author":1,"featured_media":0,"parent":0,"menu_order":0,"comment_status":"closed","ping_status":"closed","template":"tpl-default-elementor.php","meta":{"_monsterinsights_skip_tracking":false,"_monsterinsights_sitenote_active":false,"_monsterinsights_sitenote_note":"","_monsterinsights_sitenote_category":0,"footnotes":""},"class_list":["post-1777","page","type-page","status-publish","hentry"],"aioseo_notices":[],"_links":{"self":[{"href":"https:\/\/nlrmoz.org\/index.php\/wp-json\/wp\/v2\/pages\/1777","targetHints":{"allow":["GET"]}}],"collection":[{"href":"https:\/\/nlrmoz.org\/index.php\/wp-json\/wp\/v2\/pages"}],"about":[{"href":"https:\/\/nlrmoz.org\/index.php\/wp-json\/wp\/v2\/types\/page"}],"author":[{"embeddable":true,"href":"https:\/\/nlrmoz.org\/index.php\/wp-json\/wp\/v2\/users\/1"}],"replies":[{"embeddable":true,"href":"https:\/\/nlrmoz.org\/index.php\/wp-json\/wp\/v2\/comments?post=1777"}],"version-history":[{"count":46,"href":"https:\/\/nlrmoz.org\/index.php\/wp-json\/wp\/v2\/pages\/1777\/revisions"}],"predecessor-version":[{"id":2480,"href":"https:\/\/nlrmoz.org\/index.php\/wp-json\/wp\/v2\/pages\/1777\/revisions\/2480"}],"wp:attachment":[{"href":"https:\/\/nlrmoz.org\/index.php\/wp-json\/wp\/v2\/media?parent=1777"}],"curies":[{"name":"wp","href":"https:\/\/api.w.org\/{rel}","templated":true}]}}