{"id":1842,"date":"2024-11-01T10:01:58","date_gmt":"2024-11-01T10:01:58","guid":{"rendered":"https:\/\/nlrmoz.org\/?page_id=1842"},"modified":"2026-02-11T11:36:33","modified_gmt":"2026-02-11T11:36:33","slug":"avir","status":"publish","type":"page","link":"https:\/\/nlrmoz.org\/index.php\/avir\/","title":{"rendered":"AVIR"},"content":{"rendered":"\t\t<div data-elementor-type=\"wp-page\" data-elementor-id=\"1842\" class=\"elementor elementor-1842\">\n\t\t\t\t<div class=\"elementor-element elementor-element-9ac7f01 e-flex e-con-boxed e-con e-parent\" data-id=\"9ac7f01\" data-element_type=\"container\" data-settings=\"{&quot;background_background&quot;:&quot;classic&quot;}\">\n\t\t\t\t\t<div class=\"e-con-inner\">\n\t\t\t\t\t<\/div>\n\t\t\t\t<\/div>\n\t\t<div class=\"elementor-element elementor-element-b44d73d e-flex e-con-boxed e-con e-parent\" data-id=\"b44d73d\" data-element_type=\"container\">\n\t\t\t\t\t<div class=\"e-con-inner\">\n\t\t\t\t<div class=\"elementor-element elementor-element-0bd36f0 elementor-widget elementor-widget-heading\" data-id=\"0bd36f0\" data-element_type=\"widget\" data-widget_type=\"heading.default\">\n\t\t\t\t<div class=\"elementor-widget-container\">\n\t\t\t<h2 class=\"elementor-heading-title elementor-size-default\">AVIR<\/h2>\t\t<\/div>\n\t\t\t\t<\/div>\n\t\t\t\t\t<\/div>\n\t\t\t\t<\/div>\n\t\t<div class=\"elementor-element elementor-element-01edc36 e-flex e-con-boxed e-con e-parent\" data-id=\"01edc36\" data-element_type=\"container\">\n\t\t\t\t\t<div class=\"e-con-inner\">\n\t\t\t\t<div class=\"elementor-element elementor-element-71d3675 elementor-widget elementor-widget-text-editor\" data-id=\"71d3675\" data-element_type=\"widget\" data-widget_type=\"text-editor.default\">\n\t\t\t\t<div class=\"elementor-widget-container\">\n\t\t\t\t\t\t\t<p><strong>Avan\u00e7ando a Inclus\u00e3o e Resili\u00eancia na Prov\u00edncia da Zamb\u00e9zia<\/strong><\/p>\t\t\t\t\t\t<\/div>\n\t\t\t\t<\/div>\n\t\t\t\t\t<\/div>\n\t\t\t\t<\/div>\n\t\t<div class=\"elementor-element elementor-element-a5ac60e e-flex e-con-boxed e-con e-parent\" data-id=\"a5ac60e\" data-element_type=\"container\">\n\t\t\t\t\t<div class=\"e-con-inner\">\n\t\t\t\t<div class=\"elementor-element elementor-element-9b783a3 elementor-widget elementor-widget-text-editor\" data-id=\"9b783a3\" data-element_type=\"widget\" data-widget_type=\"text-editor.default\">\n\t\t\t\t<div class=\"elementor-widget-container\">\n\t\t\t\t\t\t\t<p><span style=\"font-family: var( --e-global-typography-text-font-family ), Sans-serif; font-weight: var( --e-global-typography-text-font-weight ); text-align: var(--text-align);\">O principal objetivo do projeto AVIR \u00e9 fortalecer a capacidade de mulheres, jovens e pessoas com defici\u00eancia de reivindicar e influenciar a presta\u00e7\u00e3o e respeito de servi\u00e7os p\u00fablicos locais, para serem valorizados, vis\u00edveis e ativamente envolvidos em processos sociais e econ\u00f4micos e representados em decis\u00f5es p\u00fablicas. criando espa\u00e7os a n\u00edvel distrital, provincial e nacional.<\/span><\/p>\n<p><strong>&nbsp;<\/strong><\/p>\t\t\t\t\t\t<\/div>\n\t\t\t\t<\/div>\n\t\t\t\t\t<\/div>\n\t\t\t\t<\/div>\n\t\t<div class=\"elementor-element elementor-element-b9fe4bc e-flex e-con-boxed e-con e-parent\" data-id=\"b9fe4bc\" data-element_type=\"container\">\n\t\t\t\t\t<div class=\"e-con-inner\">\n\t\t\t\t<div class=\"elementor-element elementor-element-c26ab36 elementor-widget elementor-widget-image\" data-id=\"c26ab36\" data-element_type=\"widget\" data-widget_type=\"image.default\">\n\t\t\t\t<div class=\"elementor-widget-container\">\n\t\t\t\t\t\t\t\t\t\t\t\t\t<img decoding=\"async\" src=\"https:\/\/nlrmoz.org\/wp-content\/uploads\/elementor\/thumbs\/WhatsApp-Image-2023-08-09-at-18.28.46-1-qwev801c9vaya78f3p5m3hthntqelrpyif7adfjj1u.jpeg\" title=\"WhatsApp Image 2023-08-09 at 18.28.46 (1)\" alt=\"\" loading=\"lazy\" \/>\t\t\t\t\t\t\t\t\t\t\t\t\t<\/div>\n\t\t\t\t<\/div>\n\t\t\t\t\t<\/div>\n\t\t\t\t<\/div>\n\t\t\t\t<\/div>\n\t\t","protected":false},"excerpt":{"rendered":"<p>AVIR Avan\u00e7ando a Inclus\u00e3o e Resili\u00eancia na Prov\u00edncia da Zamb\u00e9zia O principal objetivo do projeto AVIR \u00e9 fortalecer a capacidade de mulheres, jovens e pessoas com defici\u00eancia de reivindicar e [&hellip;]<\/p>\n","protected":false},"author":1,"featured_media":0,"parent":0,"menu_order":0,"comment_status":"closed","ping_status":"closed","template":"tpl-default-elementor.php","meta":{"_monsterinsights_skip_tracking":false,"_monsterinsights_sitenote_active":false,"_monsterinsights_sitenote_note":"","_monsterinsights_sitenote_category":0,"footnotes":""},"class_list":["post-1842","page","type-page","status-publish","hentry"],"aioseo_notices":[],"_links":{"self":[{"href":"https:\/\/nlrmoz.org\/index.php\/wp-json\/wp\/v2\/pages\/1842","targetHints":{"allow":["GET"]}}],"collection":[{"href":"https:\/\/nlrmoz.org\/index.php\/wp-json\/wp\/v2\/pages"}],"about":[{"href":"https:\/\/nlrmoz.org\/index.php\/wp-json\/wp\/v2\/types\/page"}],"author":[{"embeddable":true,"href":"https:\/\/nlrmoz.org\/index.php\/wp-json\/wp\/v2\/users\/1"}],"replies":[{"embeddable":true,"href":"https:\/\/nlrmoz.org\/index.php\/wp-json\/wp\/v2\/comments?post=1842"}],"version-history":[{"count":19,"href":"https:\/\/nlrmoz.org\/index.php\/wp-json\/wp\/v2\/pages\/1842\/revisions"}],"predecessor-version":[{"id":2486,"href":"https:\/\/nlrmoz.org\/index.php\/wp-json\/wp\/v2\/pages\/1842\/revisions\/2486"}],"wp:attachment":[{"href":"https:\/\/nlrmoz.org\/index.php\/wp-json\/wp\/v2\/media?parent=1842"}],"curies":[{"name":"wp","href":"https:\/\/api.w.org\/{rel}","templated":true}]}}